{"id":1587,"date":"2013-07-24T18:54:03","date_gmt":"2013-07-24T22:54:03","guid":{"rendered":"https:\/\/labase.org\/nicaragua\/?page_id=1587"},"modified":"2025-10-06T10:45:00","modified_gmt":"2025-10-06T16:45:00","slug":"equipo","status":"publish","type":"page","link":"https:\/\/labase.org\/nicaragua\/equipo\/","title":{"rendered":"Equipo"},"content":{"rendered":"<p>[vc_row css=&#8221;.vc_custom_1442263162093{margin-top: 30px !important;background-color: #ffffff !important;}&#8221;][vc_column][vc_empty_space height=&#8221;10px&#8221;][vc_column_text css=&#8221;.vc_custom_1446583797028{background-color: #ffffff !important;}&#8221;]<\/p>\n<h2 style=\"text-align: center;\"><span style=\"font-family: din-con-bold; font-size: 36pt; color: #9e0000;\">El Equipo<\/span><\/h2>\n<h4 style=\"text-align: center;\">Anajhensi Guti\u00e9rrez<\/h4>\n\n\n<div class=\"wp-block-group\"><div class=\"wp-block-group__inner-container\">\n<div class=\"wp-block-columns\">\n<div class=\"wp-block-column is-vertically-aligned-top\" style=\"flex-basis:100%\">\n<div class=\"wp-block-image is-style-rounded\"><figure class=\"aligncenter size-large is-resized\"><img loading=\"lazy\" src=\"https:\/\/labase.org\/nicaragua\/wp-content\/uploads\/2024\/07\/AGM-Passport-822x1024.jpeg\" alt=\"\" class=\"wp-image-4369\" width=\"340\" height=\"424\" srcset=\"https:\/\/labase.org\/nicaragua\/wp-content\/uploads\/2024\/07\/AGM-Passport-822x1024.jpeg 822w, https:\/\/labase.org\/nicaragua\/wp-content\/uploads\/2024\/07\/AGM-Passport-241x300.jpeg 241w, https:\/\/labase.org\/nicaragua\/wp-content\/uploads\/2024\/07\/AGM-Passport-768x956.jpeg 768w, https:\/\/labase.org\/nicaragua\/wp-content\/uploads\/2024\/07\/AGM-Passport-600x747.jpeg 600w, https:\/\/labase.org\/nicaragua\/wp-content\/uploads\/2024\/07\/AGM-Passport.jpeg 1049w\" sizes=\"(max-width: 340px) 100vw, 340px\" \/><figcaption>Anajhensi es parte de The Working World desde 2011. Antes contribuy\u00f3 al desarrollo de un peque\u00f1o y exitoso negocio de artesan\u00eda con una cooperativa de mujeres rurales en uno de los departamentos m\u00e1s pobres de Nicaragua. Interesada en la justicia social y el empoderamiento de las bases, ella est\u00e1 profundamente comprometida en el desarrollo social, econ\u00f3mico y de oportunidades.<\/figcaption><\/figure><\/div>\n\n\n\n<p class=\"has-text-align-center\"><strong><span class=\"has-inline-color has-black-color\">Karen Regina Delgadillo<\/span><\/strong><\/p>\n<\/div>\n<\/div>\n<\/div><\/div>\n\n\n\n<div class=\"wp-block-image is-style-rounded\"><figure class=\"aligncenter size-large is-resized\"><img loading=\"lazy\" src=\"https:\/\/labase.org\/nicaragua\/wp-content\/uploads\/2018\/02\/Regina-1.jpg\" alt=\"\" class=\"wp-image-4287\" width=\"380\" height=\"317\" srcset=\"https:\/\/labase.org\/nicaragua\/wp-content\/uploads\/2018\/02\/Regina-1.jpg 999w, https:\/\/labase.org\/nicaragua\/wp-content\/uploads\/2018\/02\/Regina-1-300x251.jpg 300w, https:\/\/labase.org\/nicaragua\/wp-content\/uploads\/2018\/02\/Regina-1-768x643.jpg 768w\" sizes=\"(max-width: 380px) 100vw, 380px\" \/><figcaption>Regina Delgadillo se uni\u00f3 a nuestro equipo en 2011. Regina trabaj\u00f3 como consultora para empresas peque\u00f1as y medianas en otra organizaci\u00f3n sin fines de lucro por tres a\u00f1os. Ahora ella aplica esta experiencia invaluable en el manejo de nuestras inversiones y consultas con empresas cooperativas.<\/figcaption><\/figure><\/div>\n","protected":false},"excerpt":{"rendered":"<p>[vc_row css=&#8221;.vc_custom_1442263162093{margin-top: 30px !important;background-color: #ffffff !important;}&#8221;][vc_column][vc_empty_space height=&#8221;10px&#8221;][vc_column_text css=&#8221;.vc_custom_1446583797028{background-color: #ffffff !important;}&#8221;] El Equipo Anajhensi Guti\u00e9rrez<\/p>\n","protected":false},"author":1,"featured_media":0,"parent":0,"menu_order":0,"comment_status":"open","ping_status":"closed","template":"","meta":[],"_links":{"self":[{"href":"https:\/\/labase.org\/nicaragua\/wp-json\/wp\/v2\/pages\/1587"}],"collection":[{"href":"https:\/\/labase.org\/nicaragua\/wp-json\/wp\/v2\/pages"}],"about":[{"href":"https:\/\/labase.org\/nicaragua\/wp-json\/wp\/v2\/types\/page"}],"author":[{"embeddable":true,"href":"https:\/\/labase.org\/nicaragua\/wp-json\/wp\/v2\/users\/1"}],"replies":[{"embeddable":true,"href":"https:\/\/labase.org\/nicaragua\/wp-json\/wp\/v2\/comments?post=1587"}],"version-history":[{"count":152,"href":"https:\/\/labase.org\/nicaragua\/wp-json\/wp\/v2\/pages\/1587\/revisions"}],"predecessor-version":[{"id":4390,"href":"https:\/\/labase.org\/nicaragua\/wp-json\/wp\/v2\/pages\/1587\/revisions\/4390"}],"wp:attachment":[{"href":"https:\/\/labase.org\/nicaragua\/wp-json\/wp\/v2\/media?parent=1587"}],"curies":[{"name":"wp","href":"https:\/\/api.w.org\/{rel}","templated":true}]}}