{"id":2646,"date":"2015-02-17T10:49:51","date_gmt":"2015-02-17T16:49:51","guid":{"rendered":"http:\/\/tommusrhodus.wpengine.com\/?page_id=92"},"modified":"2025-10-06T09:59:21","modified_gmt":"2025-10-06T15:59:21","slug":"inicio","status":"publish","type":"page","link":"https:\/\/labase.org\/nicaragua\/","title":{"rendered":"Inicio &#8211; Landing"},"content":{"rendered":"<p>[vc_row background_style=&#8221;full&#8221;][vc_column width=&#8221;1\/1&#8243;]<section class=\"hero-slider centered-text-slider parallax \"><ul class=\"slides\"><li class=\"overlay no\"><div class=\"background-image-holder\"><img width=\"1024\" height=\"683\" src=\"https:\/\/labase.org\/nicaragua\/wp-content\/uploads\/2015\/02\/modified-green-house-1.jpg\" class=\"background-image\" alt=\"\" loading=\"lazy\" srcset=\"https:\/\/labase.org\/nicaragua\/wp-content\/uploads\/2015\/02\/modified-green-house-1.jpg 1024w, https:\/\/labase.org\/nicaragua\/wp-content\/uploads\/2015\/02\/modified-green-house-1-300x200.jpg 300w, https:\/\/labase.org\/nicaragua\/wp-content\/uploads\/2015\/02\/modified-green-house-1-768x512.jpg 768w\" sizes=\"(max-width: 1024px) 100vw, 1024px\" \/><\/div><div class=\"container vertical-align\"><div class=\"row\"><div class=\"col-sm-12 text-center ebor-slider-content\"><\/p>\n<p>\n<\/div><\/div><\/div><\/li><li class=\"overlay no\"><div class=\"background-image-holder\"><img width=\"600\" height=\"400\" src=\"https:\/\/labase.org\/nicaragua\/wp-content\/uploads\/2015\/02\/masili5.jpg\" class=\"background-image\" alt=\"\" loading=\"lazy\" srcset=\"https:\/\/labase.org\/nicaragua\/wp-content\/uploads\/2015\/02\/masili5.jpg 600w, https:\/\/labase.org\/nicaragua\/wp-content\/uploads\/2015\/02\/masili5-300x200.jpg 300w\" sizes=\"(max-width: 600px) 100vw, 600px\" \/><\/div><div class=\"container vertical-align\"><div class=\"row\"><div class=\"col-sm-12 text-center ebor-slider-content\"><\/p>\n<h1><span style=\"font-weight: 400; font-size: 36pt; font-family: din-reg-blck;\">Fondo Solidario Revolvente<\/span><\/h1>\n<p>\n<\/div><\/div><\/div><\/li><li class=\"overlay no\"><div class=\"background-image-holder\"><img width=\"1024\" height=\"464\" src=\"https:\/\/labase.org\/nicaragua\/wp-content\/uploads\/2015\/02\/cover2.jpg\" class=\"background-image\" alt=\"\" loading=\"lazy\" srcset=\"https:\/\/labase.org\/nicaragua\/wp-content\/uploads\/2015\/02\/cover2.jpg 1024w, https:\/\/labase.org\/nicaragua\/wp-content\/uploads\/2015\/02\/cover2-300x136.jpg 300w\" sizes=\"(max-width: 1024px) 100vw, 1024px\" \/><\/div><div class=\"container vertical-align\"><div class=\"row\"><div class=\"col-sm-12 text-center ebor-slider-content\"><\/p>\n<p><span style=\"font-family: din-reg-bld; font-size: 24pt;\">Apoyando a los trabajadores que est\u00e1n cambiando el mundo<\/span><\/p>\n<p>\n<\/div><\/div><\/div><\/li><li class=\"overlay no\"><div class=\"background-image-holder\"><img width=\"1024\" height=\"539\" src=\"https:\/\/labase.org\/nicaragua\/wp-content\/uploads\/2015\/02\/honeycomb.jpg\" class=\"background-image\" alt=\"\" loading=\"lazy\" srcset=\"https:\/\/labase.org\/nicaragua\/wp-content\/uploads\/2015\/02\/honeycomb.jpg 1024w, https:\/\/labase.org\/nicaragua\/wp-content\/uploads\/2015\/02\/honeycomb-300x158.jpg 300w\" sizes=\"(max-width: 1024px) 100vw, 1024px\" \/><\/div><div class=\"container vertical-align\"><div class=\"row\"><div class=\"col-sm-12 text-center ebor-slider-content\"><\/p>\n<h1 style=\"text-align: center;\"><span style=\"font-family: din-reg-bld; font-size: 36pt; color: #ffffff;\">Nuestra Meta<\/span><\/h1>\n<h1 style=\"text-align: center;\"><span style=\"font-weight: 400; font-size: 24pt; font-family: din-regular;\">Crear comunidades y un mundo justo a trav\u00e9s de financiamiento a cooperativas\u00a0<\/span><\/h1>\n<p>\n<\/div><\/div><\/div><\/li><\/ul><\/section>[\/vc_column][\/vc_row][vc_row background_style=&#8221;dark-wrapper&#8221;][vc_column width=&#8221;1\/1&#8243;][vc_column_text css_animation=&#8221;top-to-bottom&#8221;]<\/p>\n<h1 style=\"text-align: center;\"><span style=\"color: #9e0000;\">Quienes Somos<\/span><\/h1>\n<p>[\/vc_column_text][vc_row_inner][vc_column_inner width=&#8221;1\/6&#8243;]<br \/>\n[\/vc_column_inner][vc_column_inner width=&#8221;2\/3&#8243;][vc_column_text css_animation=&#8221;top-to-bottom&#8221;]<\/p>\n<p><span style=\"font-size: 12pt; color: #333333;\"><span style=\"font-weight: 400;\"><a href=\"http:\/\/theworkingworld.org\" target=\"_blank\" rel=\"noopener\">The Working World<\/a>, es una organizaci\u00f3n sin fines de lucro, cuya funci\u00f3n principal es otorgar cr\u00e9dito a cooperativas de trabajadores y a grupos solidarios. Nuestro objetivo es crear una econom\u00eda justa, democr\u00e1tica, e inclusiva; exactamente lo que promueven las cooperativas de trabajadores al compartir decisiones, ganancias, responsabilidades, y propiedad de un negocio.\u00a0<\/span><\/span><\/p>\n<p>[\/vc_column_text][\/vc_column_inner][vc_column_inner width=&#8221;1\/6&#8243;]<br \/>\n[\/vc_column_inner][\/vc_row_inner][vc_row_inner][vc_column_inner width=&#8221;1\/6&#8243;]<br \/>\n[\/vc_column_inner][vc_column_inner width=&#8221;1\/3&#8243;][vc_column_text css_animation=&#8221;top-to-bottom&#8221;]<span style=\"font-size: 12pt; color: #333333;\">Fundada Argentina en el 2004, abri\u00f3 operaciones a Le\u00f3n, Nicaragua en el 2011 para poner su modelo financiero solidario a prueba en un nuevo contexto. Desde entonces, miles de trabajadores y sus comunidades se han beneficiado de nuestro apoyo.<\/span><\/p>\n<p><a href=\"https:\/\/labase.org\/nicaragua\/historia\/\" target=\"_blank\" rel=\"noopener\">Leer m\u00e1s sobre nuestra historia<\/a>[\/vc_column_text][\/vc_column_inner][vc_column_inner width=&#8221;1\/3&#8243;][vc_single_image image=&#8221;3916&#8243; border_color=&#8221;grey&#8221; img_link_large=&#8221;&#8221; img_link_target=&#8221;_self&#8221; img_size=&#8221;190&#215;173&#8243; css_animation=&#8221;top-to-bottom&#8221;][vc_column_text css_animation=&#8221;top-to-bottom&#8221;]<\/p>\n<p style=\"text-align: left; padding-left: 60px;\"><span style=\"font-family: din-con-blck; color: #000000; font-size: 12pt;\">LEON, NICARAGUA<\/span><\/p>\n<p>[\/vc_column_text][\/vc_column_inner][vc_column_inner width=&#8221;1\/6&#8243;]<br \/>\n[\/vc_column_inner][\/vc_row_inner][\/vc_column][\/vc_row][vc_row machine_padding=&#8221;no-pad&#8221; background_style=&#8221;light-wrapper&#8221;][vc_column width=&#8221;1\/1&#8243;][vc_masonry_media_grid style=&#8221;all&#8221; items_per_page=&#8221;10&#8243; element_width=&#8221;2&#8243; gap=&#8221;0&#8243; filter_size=&#8221;md&#8221; button_style=&#8221;rounded&#8221; button_color=&#8221;blue&#8221; button_size=&#8221;md&#8221; arrows_design=&#8221;none&#8221; arrows_position=&#8221;inside&#8221; arrows_color=&#8221;blue&#8221; paging_design=&#8221;radio_dots&#8221; paging_color=&#8221;grey&#8221; loop=&#8221;&#8221; autoplay=&#8221;-1&#8243; item=&#8221;masonryMedia_Default&#8221; include=&#8221;3660,4049,4132,4002,1067,4048,709,3575,4001,788,4057,4000&#8243;][\/vc_column][\/vc_row][vc_row machine_padding=&#8221;no-pad&#8221; background_style=&#8221;light-wrapper&#8221; single_link=&#8221;filosofia&#8221;][vc_column width=&#8221;1\/1&#8243;][vc_empty_space height=&#8221;32px&#8221;][vc_empty_space height=&#8221;32px&#8221;][vc_column_text css_animation=&#8221;right-to-left&#8221;]<\/p>\n<h1 style=\"padding-left: 90px;\"><span style=\"color: #9e0000;\">Finanzas no extractivas&#8230;<\/span><\/h1>\n<p>[\/vc_column_text][vc_row_inner][vc_column_inner width=&#8221;1\/6&#8243;]<br \/>\n[\/vc_column_inner][vc_column_inner width=&#8221;2\/3&#8243;][vc_empty_space height=&#8221;32px&#8221;][vc_column_text css_animation=&#8221;top-to-bottom&#8221;]<\/p>\n<p class=\"p1\" style=\"text-align: left;\"><span style=\"font-size: 10pt; color: #333333;\"><span style=\"font-size: 12pt;\">Ponemos fondos en las manos de gente trabajadora sin obligarlos a poner colateral o abrumarlos con la carga de una deuda que pueda amenazar su bienestar. De esta manera, los trabajadores son libres para\u00a0concentrarse en la estabilidad y el crecimiento de su negocio<\/span>.<\/span><\/p>\n<p>[\/vc_column_text][vc_empty_space height=&#8221;32px&#8221;][\/vc_column_inner][vc_column_inner width=&#8221;1\/6&#8243;]<br \/>\n[\/vc_column_inner][\/vc_row_inner][vc_column_text css_animation=&#8221;left-to-right&#8221;]<\/p>\n<p><span style=\"font-family: din-reg-lt-itl; font-size: 24pt;\">A esto nos referemos\u00a0con \u2018Finanzas no Extractivas&#8217;\u2014\u00a0<\/span><\/p>\n<p>[\/vc_column_text][vc_column_text css_animation=&#8221;right-to-left&#8221;]<\/p>\n<p style=\"text-align: right;\"><span style=\"font-family: din-reg-lt-itl; font-size: 24pt;\">pr\u00e9stamos cuyo \u00fanico prop\u00f3sito es que comunidades enteras generen sus propios recursos econ\u00f3micos.<\/span><\/p>\n<p>[\/vc_column_text][vc_row_inner][vc_column_inner width=&#8221;1\/2&#8243;][vc_empty_space height=&#8221;32px&#8221;][vc_empty_space height=&#8221;32px&#8221;][vc_single_image image=&#8221;4050&#8243; border_color=&#8221;grey&#8221; img_link_large=&#8221;&#8221; img_link_target=&#8221;_self&#8221; img_size=&#8221;475&#215;316&#8243;][\/vc_column_inner][vc_column_inner width=&#8221;1\/2&#8243;][vc_empty_space height=&#8221;32px&#8221;][vc_column_text css_animation=&#8221;top-to-bottom&#8221;]<\/p>\n<p><span style=\"font-family: din-reg-blck; color: #9e0000;\">NO EXIGIMOS GARANTIA<\/span><\/p>\n<p>[\/vc_column_text][vc_column_text css_animation=&#8221;top-to-bottom&#8221;]<\/p>\n<p>No pedimos garant\u00eda material o monetaria para ceder un pr\u00e9stamo. A cambio, pedimos informaci\u00f3n y comunicaci\u00f3n constante con el grupo, as\u00ed como transparencia.<\/p>\n<p>[\/vc_column_text][vc_separator color=&#8221;black&#8221; align=&#8221;align_center&#8221; style=&#8221;dotted&#8221; border_width=&#8221;2&#8243;][vc_column_text css_animation=&#8221;top-to-bottom&#8221;]<\/p>\n<p><span style=\"font-family: din-reg-blck; color: #9e0000;\">NO CARGAMOS NINGUN TIPO DE INTERES POR NUESTROS FINANCIAMIENTOS<\/span><\/p>\n<p>[\/vc_column_text][vc_column_text css_animation=&#8221;top-to-bottom&#8221;]<\/p>\n<p>Nos aseguramos de que la riqueza generada se quede en la comunidad.<\/p>\n<p>[\/vc_column_text][vc_separator color=&#8221;black&#8221; align=&#8221;align_center&#8221; style=&#8221;dotted&#8221; border_width=&#8221;2&#8243;][vc_column_text css_animation=&#8221;top-to-bottom&#8221;]<\/p>\n<p><span style=\"font-family: din-reg-blck; color: #9e0000;\">SOLO RECUPERAMOS EN BASE A GANANCIAS GENERADAS<\/span><\/p>\n<p>[\/vc_column_text][vc_column_text css_animation=&#8221;top-to-bottom&#8221;]<\/p>\n<div class=\"content\">\n<p class=\"p1\">Si el pr\u00e9stamo no genera ganancias, la estrategia de negocios se modifica. Como \u00faltimo recurso, el pr\u00e9stamo es liquidado con los bienes adquiridos del pr\u00e9stamo; nunca demandando recursos que puedan empobrecer a los socios.<\/p>\n<\/div>\n<p>[\/vc_column_text][vc_separator color=&#8221;black&#8221; align=&#8221;align_center&#8221; style=&#8221;dotted&#8221; border_width=&#8221;2&#8243;][vc_empty_space height=&#8221;32px&#8221;][\/vc_column_inner][\/vc_row_inner][\/vc_column][\/vc_row][vc_row background_style=&#8221;light-wrapper&#8221; single_link=&#8221;metodologia&#8221;][vc_column width=&#8221;1\/1&#8243;][vc_empty_space height=&#8221;15px&#8221;][vc_column_text css_animation=&#8221;top-to-bottom&#8221;]<\/p>\n<h1 style=\"text-align: center;\"><span style=\"color: #9e0000;\">Nuestro M\u00e9todo<\/span><\/h1>\n<p>[\/vc_column_text][vc_empty_space height=&#8221;32px&#8221;][vc_row_inner][vc_column_inner width=&#8221;1\/3&#8243;][vc_column_text]<\/p>\n<h2 style=\"text-align: center;\">1 Conocer al Grupo<\/h2>\n<p>[\/vc_column_text][vc_icon type=&#8221;fontawesome&#8221; icon_fontawesome=&#8221;fa fa-cogs&#8221; icon_openiconic=&#8221;vc-oi vc-oi-dial&#8221; icon_typicons=&#8221;typcn typcn-adjust-brightness&#8221; icon_entypo=&#8221;entypo-icon entypo-icon-note&#8221; icon_linecons=&#8221;vc_li vc_li-heart&#8221; color=&#8221;custom&#8221; background_color=&#8221;grey&#8221; size=&#8221;xl&#8221; align=&#8221;center&#8221; custom_color=&#8221;#9e0000&#8243;][vc_column_text]<\/p>\n<p style=\"text-align: center;\">Trabajamos con cooperativas, grupos solidarios, o negocios interesados en extender la propiedad del negocio a todos los trabajadores democr\u00e1ticamente.<\/p>\n<p>[\/vc_column_text][\/vc_column_inner][vc_column_inner width=&#8221;1\/3&#8243;][vc_column_text]<\/p>\n<h2 style=\"text-align: center;\">2 Factibilidad<\/h2>\n<p>[\/vc_column_text][vc_icon type=&#8221;fontawesome&#8221; icon_fontawesome=&#8221;fa fa-check-square-o&#8221; icon_openiconic=&#8221;vc-oi vc-oi-dial&#8221; icon_typicons=&#8221;typcn typcn-adjust-brightness&#8221; icon_entypo=&#8221;entypo-icon entypo-icon-note&#8221; icon_linecons=&#8221;vc_li vc_li-heart&#8221; color=&#8221;custom&#8221; background_color=&#8221;grey&#8221; size=&#8221;lg&#8221; align=&#8221;center&#8221; custom_color=&#8221;#9e0000&#8243;][vc_column_text]<\/p>\n<p style=\"text-align: left;\">Nuestro equipo trabaja mano a mano con el grupo para dise\u00f1ar y analizar la factibilidad de un proyecto que pueda ser implementado en pasos sencillos\u00a0y constantes.<\/p>\n<p>[\/vc_column_text][\/vc_column_inner][vc_column_inner width=&#8221;1\/3&#8243;][vc_column_text]<\/p>\n<h2 style=\"text-align: center;\">3\u00a0Plan de Negocios<\/h2>\n<p>[\/vc_column_text][vc_icon type=&#8221;fontawesome&#8221; icon_fontawesome=&#8221;fa fa-bar-chart&#8221; icon_openiconic=&#8221;vc-oi vc-oi-dial&#8221; icon_typicons=&#8221;typcn typcn-adjust-brightness&#8221; icon_entypo=&#8221;entypo-icon entypo-icon-note&#8221; icon_linecons=&#8221;vc_li vc_li-heart&#8221; color=&#8221;custom&#8221; background_color=&#8221;grey&#8221; size=&#8221;xl&#8221; align=&#8221;center&#8221; custom_color=&#8221;#9e0000&#8243;][vc_column_text]<\/p>\n<p style=\"text-align: left;\">Si el proyecto es factible, The Working World y la cooperativa elaboran un plan de negocios en conjunto. El plan considera las necesidades \u00fanicas del grupo y es claramente definido hasta para los socios m\u00e1s inexpertos.<\/p>\n<p>[\/vc_column_text][\/vc_column_inner][\/vc_row_inner][vc_empty_space height=&#8221;32px&#8221;][vc_separator color=&#8221;grey&#8221; align=&#8221;align_center&#8221; border_width=&#8221;2&#8243;][vc_row_inner][vc_column_inner width=&#8221;1\/3&#8243;][vc_column_text]<\/p>\n<h2 style=\"text-align: center;\">4 Aprobaci\u00f3n<\/h2>\n<p>[\/vc_column_text][vc_icon type=&#8221;fontawesome&#8221; icon_fontawesome=&#8221;fa fa-thumbs-o-up&#8221; icon_openiconic=&#8221;vc-oi vc-oi-dial&#8221; icon_typicons=&#8221;typcn typcn-adjust-brightness&#8221; icon_entypo=&#8221;entypo-icon entypo-icon-note&#8221; icon_linecons=&#8221;vc_li vc_li-heart&#8221; color=&#8221;custom&#8221; background_color=&#8221;grey&#8221; size=&#8221;lg&#8221; align=&#8221;center&#8221; custom_color=&#8221;#9e0000&#8243;][vc_column_text]<\/p>\n<p style=\"text-align: left;\">Cuando el plan es aprobado por cada socio\u00a0de la cooperativa y por nuestra asamblea, desembolsamos el capital necesario para transformar buenas ideas en planes productivos y compa\u00f1\u00edas exitosas.<\/p>\n<p>[\/vc_column_text][\/vc_column_inner][vc_column_inner width=&#8221;1\/3&#8243;][vc_column_text]<\/p>\n<h2 style=\"text-align: center;\">5\u00a0Seguimiento<\/h2>\n<p>[\/vc_column_text][vc_icon type=&#8221;fontawesome&#8221; icon_fontawesome=&#8221;fa fa-comments-o&#8221; icon_openiconic=&#8221;vc-oi vc-oi-dial&#8221; icon_typicons=&#8221;typcn typcn-adjust-brightness&#8221; icon_entypo=&#8221;entypo-icon entypo-icon-note&#8221; icon_linecons=&#8221;vc_li vc_li-heart&#8221; color=&#8221;custom&#8221; background_color=&#8221;grey&#8221; size=&#8221;xl&#8221; align=&#8221;center&#8221; custom_color=&#8221;#9e0000&#8243;][vc_column_text]<\/p>\n<p style=\"text-align: left;\">Seguimos detalladamente el progreso y bienestar de la cooperativa mientras mantienen el pr\u00e9stamo en forma de llamadas, visitas o revisiones financieras al menos semanalmente.<\/p>\n<p>[\/vc_column_text][\/vc_column_inner][vc_column_inner width=&#8221;1\/3&#8243;][vc_column_text]<\/p>\n<h2 style=\"text-align: center;\">6 Terminaci\u00f3n<\/h2>\n<p>[\/vc_column_text][vc_icon type=&#8221;fontawesome&#8221; icon_fontawesome=&#8221;fa fa-refresh&#8221; icon_openiconic=&#8221;vc-oi vc-oi-dial&#8221; icon_typicons=&#8221;typcn typcn-adjust-brightness&#8221; icon_entypo=&#8221;entypo-icon entypo-icon-note&#8221; icon_linecons=&#8221;vc_li vc_li-heart&#8221; color=&#8221;custom&#8221; background_color=&#8221;grey&#8221; size=&#8221;lg&#8221; align=&#8221;center&#8221; custom_color=&#8221;#9e0000&#8243;][vc_column_text]<\/p>\n<p style=\"text-align: left;\">La meta se ha cumplido cuando el pr\u00e9stamo es recuperado y la cooperativa ha crecido su infraestructura, producci\u00f3n, y beneficios a la comunidad. El dinero regresa directamente al fondo revolvente para ser re-invertido en un proyecto<br \/>\nnuevo.<\/p>\n<p>[\/vc_column_text][\/vc_column_inner][\/vc_row_inner][vc_empty_space height=&#8221;100px&#8221;][vc_column_text css_animation=&#8221;left-to-right&#8221;]<\/p>\n<h4 class=\"p1\" style=\"text-align: right;\"><span style=\"font-family: din-reg; font-size: 24pt; color: #333333;\">El resultado es un modelo sostenible de desarrollo econ\u00f3mico <\/span><\/h4>\n<h4 class=\"p1\" style=\"text-align: right;\"><span style=\"font-family: din-reg; font-size: 24pt; color: #333333;\">donde la riqueza se queda en la comunidad<\/span><\/h4>\n<p>[\/vc_column_text][vc_empty_space height=&#8221;100px&#8221;][vc_column_text css_animation=&#8221;top-to-bottom&#8221;]<\/p>\n<h1 style=\"text-align: center;\"><span style=\"font-size: 36pt; color: #9e0000;\">Algunos de nuestros logros&#8230;<\/span><\/h1>\n<p>[\/vc_column_text][vc_empty_space height=&#8221;20px&#8221;]<div class=\"skills-wrapper\"><div class=\"skill\">\n\t\t<i class=\"pe-7s-cash\"><\/i>\n\t\t<span class=\"number\">Mas de 130 <\/span>\n\t\t<span class=\"sub\">Pr\u00e9stamos hechos en Nicaragua<\/span>\n\t<\/div><div class=\"skill\">\n\t\t<i class=\"pe-7s-home\"><\/i>\n\t\t<span class=\"number\">Mas de 89<\/span>\n\t\t<span class=\"sub\">Cooperativas y grupos solidarios servidos<\/span>\n\t<\/div><div class=\"skill\">\n\t\t<i class=\"pe-7s-share\"><\/i>\n\t\t<span class=\"number\">Mas de 6,000<\/span>\n\t\t<span class=\"sub\">Personas beneficiadas<\/span>\n\t<\/div><div class=\"skill\">\n\t\t<i class=\"pe-7s-user-female\"><\/i>\n\t\t<span class=\"number\">M\u00e1s de 2,000<\/span>\n\t\t<span class=\"sub\">Mujeres beneficiadas financieramente<\/span>\n\t<\/div><\/div>[vc_empty_space height=&#8221;60px&#8221;][\/vc_column][\/vc_row][vc_row css=&#8221;.vc_custom_1461188229059{background-image: url(https:\/\/labase.org\/nicaragua\/wp-content\/uploads\/2015\/02\/labase-parasitioweb-1.jpg?id=4218) !important;}&#8221; background_style=&#8221;image-full&#8221; machine_padding=&#8221;large-pad&#8221;][vc_column width=&#8221;1\/3&#8243;][vc_column_text]<br \/>\n[\/vc_column_text][\/vc_column][vc_column width=&#8221;2\/3&#8243;][vc_column_text]<\/p>\n<h6><span style=\"font-family: din-reg-light;\"><em><span style=\"font-size: 36pt;\">&#8221;\u00a0Siempre es mejor ser due\u00f1o cuando uno puede. Poner metas, trabajar para lograrlas y salir adelante, las condiciones son m\u00e1s justas y te permite aumentar tu autoestima.&#8221; \u00a0 \u00a0 \u00a0 \u00a0<\/span><\/em><\/span><strong><span style=\"font-family: din-reg-lt-itl; font-size: 36pt;\">-Lesbia C\u00e1rcamo<\/span><\/strong><\/h6>\n<p>[\/vc_column_text][vc_empty_space height=&#8221;32px&#8221;][vc_column_text]<\/p>\n<p style=\"text-align: right; padding-left: 120px;\"><a class=\"btn btn-white\" href=\"https:\/\/labase.org\/nicaragua\/prestamos\/\" target=\"_blank\" rel=\"noopener\">Ver Pr\u00e9stamos Activos<\/a><\/p>\n<p>[\/vc_column_text][\/vc_column][\/vc_row][vc_row background_style=&#8221;light-wrapper&#8221; single_link=&#8221;services&#8221; machine_padding=&#8221;large-pad&#8221; css=&#8221;.vc_custom_1452097458595{background-color: #ffffff !important;}&#8221;][vc_column width=&#8221;1\/1&#8243;][vc_row_inner][vc_column_inner width=&#8221;1\/1&#8243;][vc_column_text]<\/p>\n<h1 style=\"text-align: center;\"><span style=\"color: #333333;\">Usted puede ser parte del movimiento<\/span><\/h1>\n<p>[\/vc_column_text][vc_separator color=&#8221;custom&#8221; align=&#8221;align_center&#8221; style=&#8221;dotted&#8221; border_width=&#8221;4&#8243; accent_color=&#8221;#9e0000&#8243;][\/vc_column_inner][\/vc_row_inner][vc_row_inner css=&#8221;.vc_custom_1448488558104{background-color: #ffffff !important;}&#8221;][vc_column_inner width=&#8221;1\/2&#8243;][vc_empty_space height=&#8221;32px&#8221;][vc_column_text css_animation=&#8221;top-to-bottom&#8221;]<\/p>\n<p style=\"text-align: center;\"><span style=\"font-family: din-con-med; color: #9e0000; font-size: 36pt;\"><span style=\"line-height: 54.8571px;\">APOYE A TWW<\/span><\/span><\/p>\n<p style=\"text-align: center;\"><span style=\"color: #333333;\"><span style=\"font-size: 18.6667px; line-height: 32px;\">Su contribuci\u00f3n hace la diferencia<\/span><\/span><\/p>\n<p>[\/vc_column_text][vc_empty_space height=&#8221;32px&#8221;][vc_column_text]<\/p>\n<p style=\"text-align: center;\"><a class=\"btn btn-filled\" href=\"https:\/\/labase.org\/nicaragua\/donar\/\" target=\"_blank\" rel=\"noopener\">Donar Ahora<\/a><\/p>\n<p>[\/vc_column_text][\/vc_column_inner][vc_column_inner width=&#8221;1\/2&#8243;][vc_empty_space height=&#8221;32px&#8221;][vc_column_text css_animation=&#8221;top-to-bottom&#8221;]<\/p>\n<p style=\"text-align: center;\"><span style=\"font-family: din-con-med; color: #9e0000; font-size: 36pt;\"><span style=\"line-height: 54.8571px;\">SOLICITE UN PRESTAMO<\/span><\/span><\/p>\n<p style=\"text-align: center;\"><span style=\"color: #333333;\"><span style=\"font-size: 18.6667px; line-height: 32px;\">Expanda su cooperativa<\/span><\/span><\/p>\n<p>[\/vc_column_text][vc_empty_space height=&#8221;32px&#8221;][vc_column_text]<\/p>\n<p style=\"text-align: center;\"><a class=\"btn-filled btn\" href=\"https:\/\/labase.org\/nicaragua\/solicitud\/\" target=\"_blank\" rel=\"noopener\">Ver Aplicaci\u00f3n<\/a><\/p>\n<p>[\/vc_column_text][\/vc_column_inner][\/vc_row_inner][\/vc_column][\/vc_row][vc_row background_style=&#8221;dark-bg&#8221;][vc_column width=&#8221;1\/1&#8243;][vc_column_text css_animation=&#8221;top-to-bottom&#8221;]<\/p>\n<h1 style=\"text-align: center;\"><\/h1>\n<p style=\"text-align: center;\"><span style=\"font-family: din-regular; font-size: 24pt;\">\u00bfLe gustar\u00eda recibir noticias sobre The Working World Nicaragua?<\/span><\/p>\n<h3 style=\"text-align: center;\"><span style=\"font-family: din-con-reg; font-size: 24pt; color: #9e0000;\">Suscr\u00edbase a nuestra lista de correo electr\u00f3nico<\/span><\/h3>\n<p>[\/vc_column_text][vc_row_inner][vc_column_inner width=&#8221;1\/4&#8243;]<br \/>\n[\/vc_column_inner][vc_column_inner width=&#8221;1\/2&#8243;][vc_empty_space height=&#8221;32px&#8221;][vc_raw_html]<\/p>\n<p>JTNDJTJGc3R5bGUlM0UlMEElM0NkaXYlMjBpZCUzRCUyMm1jX2VtYmVkX3NpZ251cCUyMiUzRSUwQSUzQ2Zvcm0lMjBhY3Rpb24lM0QlMjIlMkYlMkZsYWJhc2UudXMxMi5saXN0LW1hbmFnZS5jb20lMkZzdWJzY3JpYmUlMkZwb3N0JTNGdSUzRGFkNjM4ODk4OWVlZjM3ZGUyM2YxN2IzODYlMjZhbXAlM0JpZCUzRDg0NjZiNGVhMDAlMjIlMjBtZXRob2QlM0QlMjJwb3N0JTIyJTIwaWQlM0QlMjJtYy1lbWJlZGRlZC1zdWJzY3JpYmUtZm9ybSUyMiUyMG5hbWUlM0QlMjJtYy1lbWJlZGRlZC1zdWJzY3JpYmUtZm9ybSUyMiUyMGNsYXNzJTNEJTIydmFsaWRhdGUlMjIlMjB0YXJnZXQlM0QlMjJfYmxhbmslMjIlMjBub3ZhbGlkYXRlJTNFJTBBJTIwJTIwJTIwJTIwJTNDZGl2JTIwaWQlM0QlMjJtY19lbWJlZF9zaWdudXBfc2Nyb2xsJTIyJTNFJTBBJTA5JTBBJTA5JTNDaW5wdXQlMjB0eXBlJTNEJTIyZW1haWwlMjIlMjB2YWx1ZSUzRCUyMiUyMiUyMG5hbWUlM0QlMjJFTUFJTCUyMiUyMGNsYXNzJTNEJTIyZW1haWwlMjIlMjBpZCUzRCUyMm1jZS1FTUFJTCUyMiUyMHBsYWNlaG9sZGVyJTNEJTIyY29ycmVvJTIwZWxlY3RyJUMzJUIzbmljbyUyMiUyMHJlcXVpcmVkJTNFJTBBJTIwJTIwJTIwJTIwJTNDJTIxLS0lMjByZWFsJTIwcGVvcGxlJTIwc2hvdWxkJTIwbm90JTIwZmlsbCUyMHRoaXMlMjBpbiUyMGFuZCUyMGV4cGVjdCUyMGdvb2QlMjB0aGluZ3MlMjAtJTIwZG8lMjBub3QlMjByZW1vdmUlMjB0aGlzJTIwb3IlMjByaXNrJTIwZm9ybSUyMGJvdCUyMHNpZ251cHMtLSUzRSUwQSUyMCUyMCUyMCUyMCUzQ2RpdiUyMHN0eWxlJTNEJTIycG9zaXRpb24lM0ElMjBhYnNvbHV0ZSUzQiUyMGxlZnQlM0ElMjAtNTAwMHB4JTNCJTIyJTIwYXJpYS1oaWRkZW4lM0QlMjJ0cnVlJTIyJTNFJTNDaW5wdXQlMjB0eXBlJTNEJTIydGV4dCUyMiUyMG5hbWUlM0QlMjJiX2FkNjM4ODk4OWVlZjM3ZGUyM2YxN2IzODZfODQ2NmI0ZWEwMCUyMiUyMHRhYmluZGV4JTNEJTIyLTElMjIlMjB2YWx1ZSUzRCUyMiUyMiUzRSUzQyUyRmRpdiUzRSUzQ2JyJTNFJTBBJTIwJTIwJTIwJTIwJTNDZGl2JTIwY2xhc3MlM0QlMjJjbGVhciUyMiUzRSUzQ2lucHV0JTIwdHlwZSUzRCUyMnN1Ym1pdCUyMiUyMHZhbHVlJTNEJTIyUmVnaXN0cmFyJTIyJTIwbmFtZSUzRCUyMnN1YnNjcmliZSUyMiUyMGlkJTNEJTIybWMtZW1iZWRkZWQtc3Vic2NyaWJlJTIyJTIwY2xhc3MlM0QlMjJidXR0b24lMjIlM0UlM0MlMkZkaXYlM0UlMEElMjAlMjAlMjAlMjAlM0MlMkZkaXYlM0UlMEElM0MlMkZmb3JtJTNFJTBBJTNDJTJGZGl2JTNFJTBBJTBBJTNDJTIxLS1FbmQlMjBtY19lbWJlZF9zaWdudXAtLSUzRQ==<\/p>\n<p>[\/vc_raw_html][vc_empty_space height=&#8221;32px&#8221;][\/vc_column_inner][vc_column_inner width=&#8221;1\/4&#8243;]<br \/>\n[\/vc_column_inner][\/vc_row_inner][\/vc_column][\/vc_row]<\/p>\n","protected":false},"excerpt":{"rendered":"<p>[vc_row background_style=&#8221;full&#8221;][vc_column width=&#8221;1\/1&#8243;][\/vc_column][\/vc_row][vc_row background_style=&#8221;dark-wrapper&#8221;][vc_column width=&#8221;1\/1&#8243;][vc_column_text css_animation=&#8221;top-to-bottom&#8221;] Quienes Somos [\/vc_column_text][vc_row_inner][vc_column_inner width=&#8221;1\/6&#8243;] [\/vc_column_inner][vc_column_inner width=&#8221;2\/3&#8243;][vc_column_text css_animation=&#8221;top-to-bottom&#8221;] The Working World, es una organizaci\u00f3n sin fines&#8230;<\/p>\n","protected":false},"author":1,"featured_media":0,"parent":0,"menu_order":0,"comment_status":"open","ping_status":"closed","template":"","meta":[],"_links":{"self":[{"href":"https:\/\/labase.org\/nicaragua\/wp-json\/wp\/v2\/pages\/2646"}],"collection":[{"href":"https:\/\/labase.org\/nicaragua\/wp-json\/wp\/v2\/pages"}],"about":[{"href":"https:\/\/labase.org\/nicaragua\/wp-json\/wp\/v2\/types\/page"}],"author":[{"embeddable":true,"href":"https:\/\/labase.org\/nicaragua\/wp-json\/wp\/v2\/users\/1"}],"replies":[{"embeddable":true,"href":"https:\/\/labase.org\/nicaragua\/wp-json\/wp\/v2\/comments?post=2646"}],"version-history":[{"count":154,"href":"https:\/\/labase.org\/nicaragua\/wp-json\/wp\/v2\/pages\/2646\/revisions"}],"predecessor-version":[{"id":4374,"href":"https:\/\/labase.org\/nicaragua\/wp-json\/wp\/v2\/pages\/2646\/revisions\/4374"}],"wp:attachment":[{"href":"https:\/\/labase.org\/nicaragua\/wp-json\/wp\/v2\/media?parent=2646"}],"curies":[{"name":"wp","href":"https:\/\/api.w.org\/{rel}","templated":true}]}}