{"id":3166,"date":"2015-07-20T16:32:51","date_gmt":"2015-07-20T20:32:51","guid":{"rendered":"https:\/\/labase.org\/nicaragua\/?page_id=3166"},"modified":"2019-06-07T12:31:49","modified_gmt":"2019-06-07T18:31:49","slug":"donar","status":"publish","type":"page","link":"https:\/\/labase.org\/nicaragua\/donar\/","title":{"rendered":"DONAR"},"content":{"rendered":"<p>[vc_row css=&#8221;.vc_custom_1438354666991{background-color: #ffffff !important;}&#8221;][vc_column width=&#8221;2\/3&#8243;][vc_empty_space height=&#8221;48px&#8221;][vc_column_text]<\/p>\n<h1><span style=\"font-size: 24pt; color: #9e0000;\">Apoye a la Econom\u00eda Cooperativa<\/span><\/h1>\n<p>Su donaci\u00f3n ayudar\u00e1 a crear una econom\u00eda inclusiva y de igualdad. Desde el 2004, La Base ha hecho m\u00e1s de 800 inversiones exitosas en m\u00e1s de 200 empresas, pero no pudimos haberlo logrado solos.<\/p>\n<p><strong>Simplemente llene la siguiente forma para donar en l\u00ednea, o siga las instrucciones a la derecha para aprender sobre\u00a0otras formas de donar.\u00a0<\/strong><\/p>\n<div id=\"CustomDonationsForm\"><\/div>[\/vc_column_text][\/vc_column][vc_column width=&#8221;1\/3&#8243;][vc_empty_space height=&#8221;48px&#8221;][vc_column_text]<br \/>\n[\/vc_column_text][vc_single_image image=&#8221;4014&#8243; img_size=&#8221;350&#215;350&#8243; alignment=&#8221;center&#8221;][vc_empty_space height=&#8221;15px&#8221;][vc_column_text]<\/p>\n<p style=\"text-align: center;\"><span style=\"font-family: din-con-bold; color: #333333; font-size: 16pt;\">\u00bfDesea invertir en La Base <\/span><span style=\"font-family: din-con-bold; color: #333333; font-size: 16pt;\">o donar de otras formas?<\/span><\/p>\n<p style=\"text-align: center;\"><a class=\"btn\" href=\"https:\/\/labase.org\/nicaragua\/contacto\/\">Cont\u00e1ctenos<\/a><\/p>\n<p>[\/vc_column_text][\/vc_column][\/vc_row][vc_row][vc_column][vc_column_text]<br \/>\n[\/vc_column_text][\/vc_column][\/vc_row]<\/p>\n","protected":false},"excerpt":{"rendered":"<p>[vc_row css=&#8221;.vc_custom_1438354666991{background-color: #ffffff !important;}&#8221;][vc_column width=&#8221;2\/3&#8243;][vc_empty_space height=&#8221;48px&#8221;][vc_column_text] Apoye a la Econom\u00eda Cooperativa Su donaci\u00f3n ayudar\u00e1 a crear una econom\u00eda inclusiva y de&#8230;<\/p>\n","protected":false},"author":1,"featured_media":0,"parent":0,"menu_order":0,"comment_status":"closed","ping_status":"closed","template":"","meta":[],"_links":{"self":[{"href":"https:\/\/labase.org\/nicaragua\/wp-json\/wp\/v2\/pages\/3166"}],"collection":[{"href":"https:\/\/labase.org\/nicaragua\/wp-json\/wp\/v2\/pages"}],"about":[{"href":"https:\/\/labase.org\/nicaragua\/wp-json\/wp\/v2\/types\/page"}],"author":[{"embeddable":true,"href":"https:\/\/labase.org\/nicaragua\/wp-json\/wp\/v2\/users\/1"}],"replies":[{"embeddable":true,"href":"https:\/\/labase.org\/nicaragua\/wp-json\/wp\/v2\/comments?post=3166"}],"version-history":[{"count":32,"href":"https:\/\/labase.org\/nicaragua\/wp-json\/wp\/v2\/pages\/3166\/revisions"}],"predecessor-version":[{"id":4316,"href":"https:\/\/labase.org\/nicaragua\/wp-json\/wp\/v2\/pages\/3166\/revisions\/4316"}],"wp:attachment":[{"href":"https:\/\/labase.org\/nicaragua\/wp-json\/wp\/v2\/media?parent=3166"}],"curies":[{"name":"wp","href":"https:\/\/api.w.org\/{rel}","templated":true}]}}